{"id":88,"date":"2017-10-23T19:14:28","date_gmt":"2017-10-23T19:14:28","guid":{"rendered":"http:\/\/chuchichaeschtli.li\/?page_id=88"},"modified":"2017-10-23T19:14:28","modified_gmt":"2017-10-23T19:14:28","slug":"der-seegraebner-bote","status":"publish","type":"page","link":"http:\/\/chuchichaeschtli.li\/?page_id=88","title":{"rendered":"Der Seegr\u00e4bner Bote"},"content":{"rendered":"<p>Der &#8222;<em>Seegr\u00e4bner Bote<\/em>&#8220; erscheint seit 1978 in \u00fcber 400 Ausgaben jeden 1. des Monats und wird gratis an alle Haushalte in der Gemeinde Aathal-Seegr\u00e4ben verteilt.<\/p>\n<p>Informationen unter: <a href=\"mailto:info@seegraebner-bote.ch\">info@seegraebner-bote.ch<\/a>.<\/p>\n<figure id=\"attachment_91\" aria-describedby=\"caption-attachment-91\" style=\"width: 316px\" class=\"wp-caption alignnone\"><img loading=\"lazy\" decoding=\"async\" class=\"wp-image-91 \" src=\"http:\/\/chuchichaeschtli.li\/wp-content\/uploads\/2017\/10\/Chuchich\u00e4schtli-1-208x300.png\" alt=\"\" width=\"316\" height=\"456\" srcset=\"http:\/\/chuchichaeschtli.li\/wp-content\/uploads\/2017\/10\/Chuchich\u00e4schtli-1-208x300.png 208w, http:\/\/chuchichaeschtli.li\/wp-content\/uploads\/2017\/10\/Chuchich\u00e4schtli-1.png 576w\" sizes=\"(max-width: 316px) 100vw, 316px\" \/><figcaption id=\"caption-attachment-91\" class=\"wp-caption-text\">Der Seegr\u00e4bner Bote &#8211; Oktober Ausgabe 2017<\/figcaption><\/figure>\n","protected":false},"excerpt":{"rendered":"<p>Der &#8222;Seegr\u00e4bner Bote&#8220; erscheint seit 1978 in \u00fcber 400 Ausgaben jeden 1. des Monats und wird gratis an alle Haushalte in der Gemeinde Aathal-Seegr\u00e4ben verteilt. Informationen unter: info@seegraebner-bote.ch.<\/p>\n","protected":false},"author":1,"featured_media":0,"parent":0,"menu_order":0,"comment_status":"closed","ping_status":"closed","template":"","meta":{"footnotes":""},"_links":{"self":[{"href":"http:\/\/chuchichaeschtli.li\/index.php?rest_route=\/wp\/v2\/pages\/88"}],"collection":[{"href":"http:\/\/chuchichaeschtli.li\/index.php?rest_route=\/wp\/v2\/pages"}],"about":[{"href":"http:\/\/chuchichaeschtli.li\/index.php?rest_route=\/wp\/v2\/types\/page"}],"author":[{"embeddable":true,"href":"http:\/\/chuchichaeschtli.li\/index.php?rest_route=\/wp\/v2\/users\/1"}],"replies":[{"embeddable":true,"href":"http:\/\/chuchichaeschtli.li\/index.php?rest_route=%2Fwp%2Fv2%2Fcomments&post=88"}],"version-history":[{"count":1,"href":"http:\/\/chuchichaeschtli.li\/index.php?rest_route=\/wp\/v2\/pages\/88\/revisions"}],"predecessor-version":[{"id":93,"href":"http:\/\/chuchichaeschtli.li\/index.php?rest_route=\/wp\/v2\/pages\/88\/revisions\/93"}],"wp:attachment":[{"href":"http:\/\/chuchichaeschtli.li\/index.php?rest_route=%2Fwp%2Fv2%2Fmedia&parent=88"}],"curies":[{"name":"wp","href":"https:\/\/api.w.org\/{rel}","templated":true}]}}